{"id":25939,"date":"2022-10-13T10:17:21","date_gmt":"2022-10-13T07:17:21","guid":{"rendered":"https:\/\/camping.fi\/?post_type=product&#038;p=25939"},"modified":"2026-03-02T12:28:37","modified_gmt":"2026-03-02T10:28:37","slug":"camping-key-europe-mobilkort","status":"publish","type":"product","link":"https:\/\/camping.fi\/sv\/produkt\/camping-key-europe-mobilkort\/","title":{"rendered":"Camping Key Europe (mobilkort)"},"content":{"rendered":"","protected":false},"excerpt":{"rendered":"Camping Key Europe-kortet anv\u00e4nds i Finland och p\u00e5 andra h\u00e5ll i Europa. CKE-kortet \u00e4r giltigt i 25 europeiska l\u00e4nder redan p\u00e5 3 000 campingplatser. Kortet \u00e4r f\u00f6rtryckt med m\u00e5nad och giltighets\u00e5r (12\/26). Du f\u00e5r omedelbart ett giltigt Mobilt CKE-kort i din e-post.","protected":false},"featured_media":39555,"template":"","meta":{"_acf_changed":false,"_relevanssi_hide_post":"","_relevanssi_hide_content":"","_relevanssi_pin_for_all":"","_relevanssi_pin_keywords":"","_relevanssi_unpin_keywords":"","_relevanssi_related_keywords":"","_relevanssi_related_include_ids":"","_relevanssi_related_exclude_ids":"","_relevanssi_related_no_append":"","_relevanssi_related_not_related":"","_relevanssi_related_posts":"","_relevanssi_noindex_reason":""},"product_brand":[],"product_cat":[349],"product_tag":[],"class_list":{"0":"post-25939","1":"product","2":"type-product","3":"status-publish","4":"has-post-thumbnail","6":"product_cat-cke-sv","8":"first","9":"instock","10":"virtual","11":"sold-individually","12":"purchasable","13":"product-type-subscription"},"acf":[],"_links":{"self":[{"href":"https:\/\/camping.fi\/sv\/wp-json\/wp\/v2\/product\/25939","targetHints":{"allow":["GET"]}}],"collection":[{"href":"https:\/\/camping.fi\/sv\/wp-json\/wp\/v2\/product"}],"about":[{"href":"https:\/\/camping.fi\/sv\/wp-json\/wp\/v2\/types\/product"}],"wp:featuredmedia":[{"embeddable":true,"href":"https:\/\/camping.fi\/sv\/wp-json\/wp\/v2\/media\/39555"}],"wp:attachment":[{"href":"https:\/\/camping.fi\/sv\/wp-json\/wp\/v2\/media?parent=25939"}],"wp:term":[{"taxonomy":"product_brand","embeddable":true,"href":"https:\/\/camping.fi\/sv\/wp-json\/wp\/v2\/product_brand?post=25939"},{"taxonomy":"product_cat","embeddable":true,"href":"https:\/\/camping.fi\/sv\/wp-json\/wp\/v2\/product_cat?post=25939"},{"taxonomy":"product_tag","embeddable":true,"href":"https:\/\/camping.fi\/sv\/wp-json\/wp\/v2\/product_tag?post=25939"}],"curies":[{"name":"wp","href":"https:\/\/api.w.org\/{rel}","templated":true}]}}