{"id":25936,"date":"2022-10-13T10:17:21","date_gmt":"2022-10-13T10:17:21","guid":{"rendered":"https:\/\/camping.fi\/?post_type=product&#038;p=25936"},"modified":"2026-03-23T13:49:56","modified_gmt":"2026-03-23T11:49:56","slug":"camping-key-europe-mobile","status":"publish","type":"product","link":"https:\/\/camping.fi\/de\/produkt\/camping-key-europe-mobile\/","title":{"rendered":"Camping Key Europe (mobil)"},"content":{"rendered":"","protected":false},"excerpt":{"rendered":"Die Camping Key Europe-Karte wird in Finnland und anderswo in Europa verwendet. Die CKE-Karte ist in 25 europ\u00e4ischen L\u00e4ndern bereits auf 3.000 Campingpl\u00e4tzen g\u00fcltig. Auf der Karte sind Monat und Jahr der G\u00fcltigkeit (12\/26). vorgedruckt. Sie erhalten umgehend eine g\u00fcltige Mobile CKE-Karte per E-Mail.","protected":false},"featured_media":39554,"template":"","meta":{"_acf_changed":false,"_relevanssi_hide_post":"","_relevanssi_hide_content":"","_relevanssi_pin_for_all":"","_relevanssi_pin_keywords":"","_relevanssi_unpin_keywords":"","_relevanssi_related_keywords":"","_relevanssi_related_include_ids":"","_relevanssi_related_exclude_ids":"","_relevanssi_related_no_append":"","_relevanssi_related_not_related":"","_relevanssi_related_posts":"","_relevanssi_noindex_reason":""},"product_brand":[],"product_cat":[350],"product_tag":[],"class_list":{"0":"post-25936","1":"product","2":"type-product","3":"status-publish","4":"has-post-thumbnail","6":"product_cat-cke-de","8":"first","9":"instock","10":"virtual","11":"sold-individually","12":"purchasable","13":"product-type-subscription"},"acf":[],"_links":{"self":[{"href":"https:\/\/camping.fi\/de\/wp-json\/wp\/v2\/product\/25936","targetHints":{"allow":["GET"]}}],"collection":[{"href":"https:\/\/camping.fi\/de\/wp-json\/wp\/v2\/product"}],"about":[{"href":"https:\/\/camping.fi\/de\/wp-json\/wp\/v2\/types\/product"}],"wp:featuredmedia":[{"embeddable":true,"href":"https:\/\/camping.fi\/de\/wp-json\/wp\/v2\/media\/39554"}],"wp:attachment":[{"href":"https:\/\/camping.fi\/de\/wp-json\/wp\/v2\/media?parent=25936"}],"wp:term":[{"taxonomy":"product_brand","embeddable":true,"href":"https:\/\/camping.fi\/de\/wp-json\/wp\/v2\/product_brand?post=25936"},{"taxonomy":"product_cat","embeddable":true,"href":"https:\/\/camping.fi\/de\/wp-json\/wp\/v2\/product_cat?post=25936"},{"taxonomy":"product_tag","embeddable":true,"href":"https:\/\/camping.fi\/de\/wp-json\/wp\/v2\/product_tag?post=25936"}],"curies":[{"name":"wp","href":"https:\/\/api.w.org\/{rel}","templated":true}]}}