{"id":25569,"date":"2022-12-14T08:34:44","date_gmt":"2022-12-14T08:34:44","guid":{"rendered":"https:\/\/camping.fi\/product\/camping-key-europe-muovimobiili\/"},"modified":"2026-03-23T13:48:20","modified_gmt":"2026-03-23T11:48:20","slug":"camping-key-europe-muovimobiili","status":"publish","type":"product","link":"https:\/\/camping.fi\/de\/produkt\/camping-key-europe-muovimobiili\/","title":{"rendered":"Camping Key Europe (Kunststoff+mobil)"},"content":{"rendered":"","protected":false},"excerpt":{"rendered":"In Finnland und andernorts in Europa wird die neue Karte Camping Key Europe verwendet. Die CKE-Karte gilt in 25 europ\u00e4ischen L\u00e4ndern auf 3000 Campingpl\u00e4tzen. Der letzte G\u00fcltigkeitsmonat und das letzte G\u00fcltigkeitsjahr auf der Karte aufgedruckt, also nun der 12\/26.","protected":false},"featured_media":39558,"template":"","meta":{"_acf_changed":false,"_relevanssi_hide_post":"","_relevanssi_hide_content":"","_relevanssi_pin_for_all":"","_relevanssi_pin_keywords":"","_relevanssi_unpin_keywords":"","_relevanssi_related_keywords":"","_relevanssi_related_include_ids":"","_relevanssi_related_exclude_ids":"","_relevanssi_related_no_append":"","_relevanssi_related_not_related":"","_relevanssi_related_posts":"","_relevanssi_noindex_reason":""},"product_brand":[],"product_cat":[350],"product_tag":[],"class_list":{"0":"post-25569","1":"product","2":"type-product","3":"status-publish","4":"has-post-thumbnail","6":"product_cat-cke-de","8":"first","9":"instock","10":"virtual","11":"purchasable","12":"product-type-subscription"},"acf":[],"_links":{"self":[{"href":"https:\/\/camping.fi\/de\/wp-json\/wp\/v2\/product\/25569","targetHints":{"allow":["GET"]}}],"collection":[{"href":"https:\/\/camping.fi\/de\/wp-json\/wp\/v2\/product"}],"about":[{"href":"https:\/\/camping.fi\/de\/wp-json\/wp\/v2\/types\/product"}],"wp:featuredmedia":[{"embeddable":true,"href":"https:\/\/camping.fi\/de\/wp-json\/wp\/v2\/media\/39558"}],"wp:attachment":[{"href":"https:\/\/camping.fi\/de\/wp-json\/wp\/v2\/media?parent=25569"}],"wp:term":[{"taxonomy":"product_brand","embeddable":true,"href":"https:\/\/camping.fi\/de\/wp-json\/wp\/v2\/product_brand?post=25569"},{"taxonomy":"product_cat","embeddable":true,"href":"https:\/\/camping.fi\/de\/wp-json\/wp\/v2\/product_cat?post=25569"},{"taxonomy":"product_tag","embeddable":true,"href":"https:\/\/camping.fi\/de\/wp-json\/wp\/v2\/product_tag?post=25569"}],"curies":[{"name":"wp","href":"https:\/\/api.w.org\/{rel}","templated":true}]}}